{"id":8775,"date":"2021-08-23T22:39:32","date_gmt":"2021-08-24T01:39:32","guid":{"rendered":"https:\/\/geoblog.mkwebb.com.br2\/?page_id=8775"},"modified":"2025-01-09T09:43:35","modified_gmt":"2025-01-09T12:43:35","slug":"de-analise-de-credito-a-prevencao-de-fraude-os-beneficios-da-geolocalizacao-a-servicos-financeiros","status":"publish","type":"page","link":"https:\/\/geoambiente.com.br\/blog\/de-analise-de-credito-a-prevencao-de-fraude-os-beneficios-da-geolocalizacao-a-servicos-financeiros\/","title":{"rendered":"De an\u00e1lise de cr\u00e9dito \u00e0 preven\u00e7\u00e3o de fraude: os benef\u00edcios da geolocaliza\u00e7\u00e3o a servi\u00e7os financeiros"},"content":{"rendered":"\r\n<p>O <strong>sistema financeiro<\/strong> \u00e9 um dos segmentos que mais avan\u00e7aram na jornada de transforma\u00e7\u00e3o digital nos \u00faltimos anos. Novos servi\u00e7os, como contas digitais, super apps, PIX e open banking prometem transformar ainda mais a rela\u00e7\u00e3o entre empresas financeiras a seus clientes.<br \/><br \/>Os recursos dispon\u00edveis no Google Maps, ajudam essas institui\u00e7\u00f5es a oferecerem experi\u00eancias ainda localizadas e personalizadas. O resultado: um atendimento muito mais seguran\u00e7a e qualidade aos clientes.<\/p>\r\n\r\n\r\n\r\n<p><strong>Leia mais: <\/strong><a href=\"https:\/\/geoambiente.com.br\/blog\/quais-apis-da-plataforma-google-maps-escolher-de-acordo-com-segmento-da-sua-empresa\/\">Quais APIs da plataforma Google Maps escolher de acordo com segmento da sua empresa?<\/a><br \/><br \/>Ao integrar as solu\u00e7\u00f5es do<strong> Maps<\/strong> a seus apps e sistemas, as <strong>organiza\u00e7\u00f5es financeiras <\/strong>acessam dados precisos e detalhados a partir das APIs do Mapas, Rotas e Lugares:<\/p>\r\n\r\n\r\n\r\n<ul class=\"has-background wp-block-list\" style=\"background-color: #f5f5f5\">\r\n<li><strong>Mapas:<\/strong> exibe informa\u00e7\u00f5es em mapas est\u00e1ticos ou din\u00e2micos por meio do Maps e do Street View e facilitar a navega\u00e7\u00e3o de clientes e usu\u00e1rios em sites ou aplicativos.<\/li>\r\n<li><strong>Rotas:<\/strong> simplifica o c\u00e1lculo do caminho mais eficiente para seu usu\u00e1rio at\u00e9 ag\u00eancias e caixas eletr\u00f4nicos, eliminando atrasos e reduzindo deslocamentos desnecess\u00e1rios.<\/li>\r\n<li><strong>Lugares: <\/strong>facilita a descoberta de mais de 200 milh\u00f5es de lugares mapeados (estabelecimentos, locais geogr\u00e1ficos ou pontos de interesse) em uma \u00e1rea ou ponto definido de um mapa.<\/li>\r\n<\/ul>\r\n\r\n\r\n\r\n<h2 class=\"wp-block-heading\">Google Maps: benef\u00edcios oferecidos \u00e0s empresas financeiras<\/h2>\r\n\r\n\r\n\r\n<p>A plataforma <strong>Google Maps<\/strong> viabiliza o acesso a informa\u00e7\u00f5es preciosas sobre diversos h\u00e1bitos de consumo de clientes. Com base em dados de <strong>geolocaliza\u00e7\u00e3o<\/strong>, \u00e9 preciso saber onde a transa\u00e7\u00e3o foi feita, se um cliente gastou em um estabelecimento, locais que costuma frequentar, etc.<br \/><br \/>Essa intelig\u00eancia proporciona benef\u00edcios tanto para clientes quanto para as empresas de servi\u00e7os financeiros. Os primeiros ganham mais confian\u00e7a nas transa\u00e7\u00f5es, enquanto as \u00faltimas eliminam a necessidade de acionar o atendimento para verificar se uma transa\u00e7\u00e3o \u00e9 aut\u00eantica.<br \/><br \/>Ademais, o Maps permite diminuir significativamente os custos por meio de algumas solu\u00e7\u00f5es e aplica\u00e7\u00f5es. As vantagens da geolocaliza\u00e7\u00e3o para o segmento financeiro s\u00e3o in\u00fameros, confira:<br \/><br \/>\u2022 Ajude os clientes a<strong> identificar o melhor caixa eletr\u00f4nico ou ag\u00eancia<\/strong> para visitar, adicionando informa\u00e7\u00f5es em mapas ao seu app, como hor\u00e1rio de funcionamento, servi\u00e7os oferecidos, avalia\u00e7\u00f5es, classifica\u00e7\u00f5es e dist\u00e2ncia ou tempo estimado de chegada para cada local;<br \/><br \/>\u2022 Mantenha o cliente em seu aplicativo durante o <strong>percurso <\/strong>at\u00e9 a ag\u00eancia ou caixa eletr\u00f4nico, para que voc\u00ea n\u00e3o perca o cliente durante sua jornada;<br \/><br \/>\u2022 Visualize no <strong>mapa <\/strong>onde ocorreu a transa\u00e7\u00e3o, o que permite ver o nome da loja e at\u00e9 mesmo uma imagem real da vitrine;<br \/><br \/>\u2022 Reduza a quantidade de chamadas para centrais de atendimento ao cliente certificando a <strong>localiza\u00e7\u00e3o <\/strong>das transa\u00e7\u00f5es;<br \/><br \/>\u2022 Melhore o <strong>atendimento e a detec\u00e7\u00e3o inicial de fraudes,<\/strong> reduzindo volumes de fraudes de cart\u00e3o de cr\u00e9dito e d\u00e9bito por meio da verifica\u00e7\u00e3o da localiza\u00e7\u00e3o do cliente antes mesmo de a transa\u00e7\u00e3o ser conclu\u00edda;<br \/><br \/>\u2022 Obtenha informa\u00e7\u00f5es detalhadas sobre os clientes para <strong>monitoramento <\/strong>de tend\u00eancias de gastos e direcionamento de campanhas de marketing;<br \/><br \/>\u2022 Melhore a identifica\u00e7\u00e3o e an\u00e1lise de <strong>fraudes por localidade<\/strong> para embasar a instala\u00e7\u00e3o de novas ag\u00eancias e posicionamento de caixas eletr\u00f4nicos.<\/p>\r\n\r\n\r\n\n<p class=\"has-text-align-center has-background\" style=\"background-color:#f3f3f3\"><img decoding=\"async\" width=\"600\" height=\"60\" class=\"wp-image-10854\" style=\"width: 600px;\" src=\"https:\/\/geoambiente.com.br\/blog2\/wp-content\/uploads\/2023\/06\/footer.png\" alt=\"\" srcset=\"https:\/\/geoambiente.com.br\/blog\/wp-content\/uploads\/2023\/06\/footer.png 953w, https:\/\/geoambiente.com.br\/blog\/wp-content\/uploads\/2023\/06\/footer-300x30.png 300w, https:\/\/geoambiente.com.br\/blog\/wp-content\/uploads\/2023\/06\/footer-768x77.png 768w\" sizes=\"(max-width: 600px) 100vw, 600px\" \/><\/p>\n\n\n\n<p class=\"has-background\" style=\"background-color:#f3f3f3\">A&nbsp;<strong>Geoambiente<\/strong>, empresa com mais de&nbsp;<strong>25 anos de experi\u00eancia em intelig\u00eancia de localiza\u00e7\u00e3o<\/strong>, tamb\u00e9m pode ajudar seu neg\u00f3cio a entregar encomendas e pedidos com mais agilidade e efici\u00eancia e otimizar processos de log\u00edstica com o rastreamento de frotas e cargas.&nbsp;<\/p>\n\n\n\n<p>Somos&nbsp;&nbsp;<strong>parceiros premier do Google Cloud<\/strong>&nbsp;e revendedores oficial do&nbsp;<strong>Google Maps<\/strong>&nbsp;h\u00e1 quase 10 anos. Oferecemos acesso a plataforma de Maps (e a todas as APIs e funcionalidades) e tamb\u00e9m desenvolvemos solu\u00e7\u00f5es integradas e personalizadas a partir das APIs, auxiliando organiza\u00e7\u00f5es a sa\u00edrem na frente diante da disparada do com\u00e9rcio eletr\u00f4nico e do aumento exponencial de pedidos por delivery.<\/p>\n\n\n\n<div style=\"height:47px\" aria-hidden=\"true\" class=\"wp-block-spacer\"><\/div>\n\r\n\r\n\n<div style=\"height:25px\" aria-hidden=\"true\" class=\"wp-block-spacer\"><\/div>\n\r\n\r\n\n<div class=\"wp-block-button\"><a class=\"wp-block-button__link wp-element-button\" href=\"https:\/\/geoambiente.com.br\/blog\/contato\/?utm_source=geoambiente&#038;utm_medium=blog\" target=\"_blank\" rel=\"noreferrer noopener\">Clique aqui para entrar em contato conosco<\/a><\/div>\n\n\n\n<div style=\"height:36px\" aria-hidden=\"true\" class=\"wp-block-spacer\"><\/div>\n","protected":false},"excerpt":{"rendered":"<p>O sistema financeiro \u00e9 um dos segmentos que mais avan\u00e7aram na jornada de transforma\u00e7\u00e3o digital nos \u00faltimos anos. Novos servi\u00e7os, como contas digitais, super apps, PIX e open banking prometem transformar ainda mais a rela\u00e7\u00e3o entre empresas financeiras a seus clientes. Os recursos dispon\u00edveis no Google Maps, ajudam essas institui\u00e7\u00f5es a oferecerem experi\u00eancias ainda localizadas [&hellip;]<\/p>\n","protected":false},"author":13,"featured_media":8776,"parent":0,"menu_order":0,"comment_status":"closed","ping_status":"closed","template":"","meta":{"content-type":"","_joinchat":[],"footnotes":""},"class_list":["post-8775","page","type-page","status-publish","has-post-thumbnail","hentry"],"yoast_head":"<!-- This site is optimized with the Yoast SEO plugin v27.0 - https:\/\/yoast.com\/product\/yoast-seo-wordpress\/ -->\n<title>De an\u00e1lise de cr\u00e9dito \u00e0 preven\u00e7\u00e3o de fraude: os benef\u00edcios da geolocaliza\u00e7\u00e3o a servi\u00e7os financeiros - Blog da GEO<\/title>\n<meta name=\"description\" content=\"As APIs do Google Maps ajudam essas empresas financeiras a oferecerem experi\u00eancias localizadas e personalizadas e um atendimento seguro\" \/>\n<meta name=\"robots\" content=\"index, follow, max-snippet:-1, max-image-preview:large, max-video-preview:-1\" \/>\n<link rel=\"canonical\" href=\"https:\/\/geoambiente.com.br\/blog\/de-analise-de-credito-a-prevencao-de-fraude-os-beneficios-da-geolocalizacao-a-servicos-financeiros\/\" \/>\n<meta property=\"og:locale\" content=\"pt_BR\" \/>\n<meta property=\"og:type\" content=\"article\" \/>\n<meta property=\"og:title\" content=\"De an\u00e1lise de cr\u00e9dito \u00e0 preven\u00e7\u00e3o de fraude: os benef\u00edcios da geolocaliza\u00e7\u00e3o a servi\u00e7os financeiros - Blog da GEO\" \/>\n<meta property=\"og:description\" content=\"As APIs do Google Maps ajudam essas empresas financeiras a oferecerem experi\u00eancias localizadas e personalizadas e um atendimento seguro\" \/>\n<meta property=\"og:url\" content=\"https:\/\/geoambiente.com.br\/blog\/de-analise-de-credito-a-prevencao-de-fraude-os-beneficios-da-geolocalizacao-a-servicos-financeiros\/\" \/>\n<meta property=\"og:site_name\" content=\"Blog da GEO\" \/>\n<meta property=\"article:modified_time\" content=\"2025-01-09T12:43:35+00:00\" \/>\n<meta property=\"og:image\" content=\"https:\/\/geoambiente.com.br\/blog\/wp-content\/uploads\/2021\/08\/Google-Maps-10.jpg\" \/>\n\t<meta property=\"og:image:width\" content=\"1300\" \/>\n\t<meta property=\"og:image:height\" content=\"736\" \/>\n\t<meta property=\"og:image:type\" content=\"image\/jpeg\" \/>\n<meta name=\"twitter:card\" content=\"summary_large_image\" \/>\n<meta name=\"twitter:label1\" content=\"Est. tempo de leitura\" \/>\n\t<meta name=\"twitter:data1\" content=\"3 minutos\" \/>\n<script type=\"application\/ld+json\" class=\"yoast-schema-graph\">{\"@context\":\"https:\/\/schema.org\",\"@graph\":[{\"@type\":\"WebPage\",\"@id\":\"https:\/\/geoambiente.com.br\/blog\/de-analise-de-credito-a-prevencao-de-fraude-os-beneficios-da-geolocalizacao-a-servicos-financeiros\/\",\"url\":\"https:\/\/geoambiente.com.br\/blog\/de-analise-de-credito-a-prevencao-de-fraude-os-beneficios-da-geolocalizacao-a-servicos-financeiros\/\",\"name\":\"De an\u00e1lise de cr\u00e9dito \u00e0 preven\u00e7\u00e3o de fraude: os benef\u00edcios da geolocaliza\u00e7\u00e3o a servi\u00e7os financeiros - Blog da GEO\",\"isPartOf\":{\"@id\":\"https:\/\/geoambiente.com.br\/blog\/#website\"},\"primaryImageOfPage\":{\"@id\":\"https:\/\/geoambiente.com.br\/blog\/de-analise-de-credito-a-prevencao-de-fraude-os-beneficios-da-geolocalizacao-a-servicos-financeiros\/#primaryimage\"},\"image\":{\"@id\":\"https:\/\/geoambiente.com.br\/blog\/de-analise-de-credito-a-prevencao-de-fraude-os-beneficios-da-geolocalizacao-a-servicos-financeiros\/#primaryimage\"},\"thumbnailUrl\":\"https:\/\/geoambiente.com.br\/blog\/wp-content\/uploads\/2021\/08\/Google-Maps-10.jpg\",\"datePublished\":\"2021-08-24T01:39:32+00:00\",\"dateModified\":\"2025-01-09T12:43:35+00:00\",\"description\":\"As APIs do Google Maps ajudam essas empresas financeiras a oferecerem experi\u00eancias localizadas e personalizadas e um atendimento seguro\",\"breadcrumb\":{\"@id\":\"https:\/\/geoambiente.com.br\/blog\/de-analise-de-credito-a-prevencao-de-fraude-os-beneficios-da-geolocalizacao-a-servicos-financeiros\/#breadcrumb\"},\"inLanguage\":\"pt-BR\",\"potentialAction\":[{\"@type\":\"ReadAction\",\"target\":[\"https:\/\/geoambiente.com.br\/blog\/de-analise-de-credito-a-prevencao-de-fraude-os-beneficios-da-geolocalizacao-a-servicos-financeiros\/\"]}]},{\"@type\":\"ImageObject\",\"inLanguage\":\"pt-BR\",\"@id\":\"https:\/\/geoambiente.com.br\/blog\/de-analise-de-credito-a-prevencao-de-fraude-os-beneficios-da-geolocalizacao-a-servicos-financeiros\/#primaryimage\",\"url\":\"https:\/\/geoambiente.com.br\/blog\/wp-content\/uploads\/2021\/08\/Google-Maps-10.jpg\",\"contentUrl\":\"https:\/\/geoambiente.com.br\/blog\/wp-content\/uploads\/2021\/08\/Google-Maps-10.jpg\",\"width\":1300,\"height\":736,\"caption\":\"Google Maps\"},{\"@type\":\"BreadcrumbList\",\"@id\":\"https:\/\/geoambiente.com.br\/blog\/de-analise-de-credito-a-prevencao-de-fraude-os-beneficios-da-geolocalizacao-a-servicos-financeiros\/#breadcrumb\",\"itemListElement\":[{\"@type\":\"ListItem\",\"position\":1,\"name\":\"In\u00edcio\",\"item\":\"https:\/\/geoambiente.com.br\/blog\/\"},{\"@type\":\"ListItem\",\"position\":2,\"name\":\"De an\u00e1lise de cr\u00e9dito \u00e0 preven\u00e7\u00e3o de fraude: os benef\u00edcios da geolocaliza\u00e7\u00e3o a servi\u00e7os financeiros\"}]},{\"@type\":\"WebSite\",\"@id\":\"https:\/\/geoambiente.com.br\/blog\/#website\",\"url\":\"https:\/\/geoambiente.com.br\/blog\/\",\"name\":\"Blog da GEO\",\"description\":\"Blog da GEO\",\"potentialAction\":[{\"@type\":\"SearchAction\",\"target\":{\"@type\":\"EntryPoint\",\"urlTemplate\":\"https:\/\/geoambiente.com.br\/blog\/?s={search_term_string}\"},\"query-input\":{\"@type\":\"PropertyValueSpecification\",\"valueRequired\":true,\"valueName\":\"search_term_string\"}}],\"inLanguage\":\"pt-BR\"}]}<\/script>\n<!-- \/ Yoast SEO plugin. -->","yoast_head_json":{"title":"De an\u00e1lise de cr\u00e9dito \u00e0 preven\u00e7\u00e3o de fraude: os benef\u00edcios da geolocaliza\u00e7\u00e3o a servi\u00e7os financeiros - Blog da GEO","description":"As APIs do Google Maps ajudam essas empresas financeiras a oferecerem experi\u00eancias localizadas e personalizadas e um atendimento seguro","robots":{"index":"index","follow":"follow","max-snippet":"max-snippet:-1","max-image-preview":"max-image-preview:large","max-video-preview":"max-video-preview:-1"},"canonical":"https:\/\/geoambiente.com.br\/blog\/de-analise-de-credito-a-prevencao-de-fraude-os-beneficios-da-geolocalizacao-a-servicos-financeiros\/","og_locale":"pt_BR","og_type":"article","og_title":"De an\u00e1lise de cr\u00e9dito \u00e0 preven\u00e7\u00e3o de fraude: os benef\u00edcios da geolocaliza\u00e7\u00e3o a servi\u00e7os financeiros - Blog da GEO","og_description":"As APIs do Google Maps ajudam essas empresas financeiras a oferecerem experi\u00eancias localizadas e personalizadas e um atendimento seguro","og_url":"https:\/\/geoambiente.com.br\/blog\/de-analise-de-credito-a-prevencao-de-fraude-os-beneficios-da-geolocalizacao-a-servicos-financeiros\/","og_site_name":"Blog da GEO","article_modified_time":"2025-01-09T12:43:35+00:00","og_image":[{"width":1300,"height":736,"url":"https:\/\/geoambiente.com.br\/blog\/wp-content\/uploads\/2021\/08\/Google-Maps-10.jpg","type":"image\/jpeg"}],"twitter_card":"summary_large_image","twitter_misc":{"Est. tempo de leitura":"3 minutos"},"schema":{"@context":"https:\/\/schema.org","@graph":[{"@type":"WebPage","@id":"https:\/\/geoambiente.com.br\/blog\/de-analise-de-credito-a-prevencao-de-fraude-os-beneficios-da-geolocalizacao-a-servicos-financeiros\/","url":"https:\/\/geoambiente.com.br\/blog\/de-analise-de-credito-a-prevencao-de-fraude-os-beneficios-da-geolocalizacao-a-servicos-financeiros\/","name":"De an\u00e1lise de cr\u00e9dito \u00e0 preven\u00e7\u00e3o de fraude: os benef\u00edcios da geolocaliza\u00e7\u00e3o a servi\u00e7os financeiros - Blog da GEO","isPartOf":{"@id":"https:\/\/geoambiente.com.br\/blog\/#website"},"primaryImageOfPage":{"@id":"https:\/\/geoambiente.com.br\/blog\/de-analise-de-credito-a-prevencao-de-fraude-os-beneficios-da-geolocalizacao-a-servicos-financeiros\/#primaryimage"},"image":{"@id":"https:\/\/geoambiente.com.br\/blog\/de-analise-de-credito-a-prevencao-de-fraude-os-beneficios-da-geolocalizacao-a-servicos-financeiros\/#primaryimage"},"thumbnailUrl":"https:\/\/geoambiente.com.br\/blog\/wp-content\/uploads\/2021\/08\/Google-Maps-10.jpg","datePublished":"2021-08-24T01:39:32+00:00","dateModified":"2025-01-09T12:43:35+00:00","description":"As APIs do Google Maps ajudam essas empresas financeiras a oferecerem experi\u00eancias localizadas e personalizadas e um atendimento seguro","breadcrumb":{"@id":"https:\/\/geoambiente.com.br\/blog\/de-analise-de-credito-a-prevencao-de-fraude-os-beneficios-da-geolocalizacao-a-servicos-financeiros\/#breadcrumb"},"inLanguage":"pt-BR","potentialAction":[{"@type":"ReadAction","target":["https:\/\/geoambiente.com.br\/blog\/de-analise-de-credito-a-prevencao-de-fraude-os-beneficios-da-geolocalizacao-a-servicos-financeiros\/"]}]},{"@type":"ImageObject","inLanguage":"pt-BR","@id":"https:\/\/geoambiente.com.br\/blog\/de-analise-de-credito-a-prevencao-de-fraude-os-beneficios-da-geolocalizacao-a-servicos-financeiros\/#primaryimage","url":"https:\/\/geoambiente.com.br\/blog\/wp-content\/uploads\/2021\/08\/Google-Maps-10.jpg","contentUrl":"https:\/\/geoambiente.com.br\/blog\/wp-content\/uploads\/2021\/08\/Google-Maps-10.jpg","width":1300,"height":736,"caption":"Google Maps"},{"@type":"BreadcrumbList","@id":"https:\/\/geoambiente.com.br\/blog\/de-analise-de-credito-a-prevencao-de-fraude-os-beneficios-da-geolocalizacao-a-servicos-financeiros\/#breadcrumb","itemListElement":[{"@type":"ListItem","position":1,"name":"In\u00edcio","item":"https:\/\/geoambiente.com.br\/blog\/"},{"@type":"ListItem","position":2,"name":"De an\u00e1lise de cr\u00e9dito \u00e0 preven\u00e7\u00e3o de fraude: os benef\u00edcios da geolocaliza\u00e7\u00e3o a servi\u00e7os financeiros"}]},{"@type":"WebSite","@id":"https:\/\/geoambiente.com.br\/blog\/#website","url":"https:\/\/geoambiente.com.br\/blog\/","name":"Blog da GEO","description":"Blog da GEO","potentialAction":[{"@type":"SearchAction","target":{"@type":"EntryPoint","urlTemplate":"https:\/\/geoambiente.com.br\/blog\/?s={search_term_string}"},"query-input":{"@type":"PropertyValueSpecification","valueRequired":true,"valueName":"search_term_string"}}],"inLanguage":"pt-BR"}]}},"_links":{"self":[{"href":"https:\/\/geoambiente.com.br\/blog\/wp-json\/wp\/v2\/pages\/8775","targetHints":{"allow":["GET"]}}],"collection":[{"href":"https:\/\/geoambiente.com.br\/blog\/wp-json\/wp\/v2\/pages"}],"about":[{"href":"https:\/\/geoambiente.com.br\/blog\/wp-json\/wp\/v2\/types\/page"}],"author":[{"embeddable":true,"href":"https:\/\/geoambiente.com.br\/blog\/wp-json\/wp\/v2\/users\/13"}],"replies":[{"embeddable":true,"href":"https:\/\/geoambiente.com.br\/blog\/wp-json\/wp\/v2\/comments?post=8775"}],"version-history":[{"count":1,"href":"https:\/\/geoambiente.com.br\/blog\/wp-json\/wp\/v2\/pages\/8775\/revisions"}],"predecessor-version":[{"id":15474,"href":"https:\/\/geoambiente.com.br\/blog\/wp-json\/wp\/v2\/pages\/8775\/revisions\/15474"}],"wp:featuredmedia":[{"embeddable":true,"href":"https:\/\/geoambiente.com.br\/blog\/wp-json\/wp\/v2\/media\/8776"}],"wp:attachment":[{"href":"https:\/\/geoambiente.com.br\/blog\/wp-json\/wp\/v2\/media?parent=8775"}],"curies":[{"name":"wp","href":"https:\/\/api.w.org\/{rel}","templated":true}]}}