{"id":13017,"date":"2024-01-13T01:14:46","date_gmt":"2024-01-13T04:14:46","guid":{"rendered":"https:\/\/geoblog.mkwebb.com.br2\/?page_id=13017"},"modified":"2024-03-20T15:33:05","modified_gmt":"2024-03-20T18:33:05","slug":"cases","status":"publish","type":"page","link":"https:\/\/geoambiente.com.br\/blog\/cases\/","title":{"rendered":"Cases.ori"},"content":{"rendered":"","protected":false},"excerpt":{"rendered":"","protected":false},"author":10,"featured_media":0,"parent":0,"menu_order":0,"comment_status":"closed","ping_status":"closed","template":"template-modules.php","meta":{"content-type":"","_joinchat":[],"footnotes":""},"class_list":["post-13017","page","type-page","status-publish","hentry"],"yoast_head":"<!-- This site is optimized with the Yoast SEO plugin v27.0 - https:\/\/yoast.com\/product\/yoast-seo-wordpress\/ -->\n<title>Cases.ori com foco em Transforma\u00e7\u00e3o Digital - Blog da GEO<\/title>\n<meta name=\"description\" content=\"Descubra cases de sucesso de clientes com solu\u00e7\u00f5es integradas de Cloud Computing, Sensoriamento Remoto e Intelig\u00eancia de Localiza\u00e7\u00e3o.\" \/>\n<meta name=\"robots\" content=\"index, follow, max-snippet:-1, max-image-preview:large, max-video-preview:-1\" \/>\n<link rel=\"canonical\" href=\"https:\/\/geoambiente.com.br\/blog\/cases\/\" \/>\n<meta property=\"og:locale\" content=\"pt_BR\" \/>\n<meta property=\"og:type\" content=\"article\" \/>\n<meta property=\"og:title\" content=\"Cases.ori com foco em Transforma\u00e7\u00e3o Digital - Blog da GEO\" \/>\n<meta property=\"og:description\" content=\"Descubra cases de sucesso de clientes com solu\u00e7\u00f5es integradas de Cloud Computing, Sensoriamento Remoto e Intelig\u00eancia de Localiza\u00e7\u00e3o.\" \/>\n<meta property=\"og:url\" content=\"https:\/\/geoambiente.com.br\/blog\/cases\/\" \/>\n<meta property=\"og:site_name\" content=\"Blog da GEO\" \/>\n<meta property=\"article:modified_time\" content=\"2024-03-20T18:33:05+00:00\" \/>\n<meta name=\"twitter:card\" content=\"summary_large_image\" \/>\n<meta name=\"twitter:label1\" content=\"Est. tempo de leitura\" \/>\n\t<meta name=\"twitter:data1\" content=\"1 minuto\" \/>\n<script type=\"application\/ld+json\" class=\"yoast-schema-graph\">{\"@context\":\"https:\/\/schema.org\",\"@graph\":[{\"@type\":\"WebPage\",\"@id\":\"https:\/\/geoambiente.com.br\/blog\/cases\/\",\"url\":\"https:\/\/geoambiente.com.br\/blog\/cases\/\",\"name\":\"Cases.ori com foco em Transforma\u00e7\u00e3o Digital - Blog da GEO\",\"isPartOf\":{\"@id\":\"https:\/\/geoambiente.com.br\/blog\/#website\"},\"datePublished\":\"2024-01-13T04:14:46+00:00\",\"dateModified\":\"2024-03-20T18:33:05+00:00\",\"description\":\"Descubra cases de sucesso de clientes com solu\u00e7\u00f5es integradas de Cloud Computing, Sensoriamento Remoto e Intelig\u00eancia de Localiza\u00e7\u00e3o.\",\"breadcrumb\":{\"@id\":\"https:\/\/geoambiente.com.br\/blog\/cases\/#breadcrumb\"},\"inLanguage\":\"pt-BR\",\"potentialAction\":[{\"@type\":\"ReadAction\",\"target\":[\"https:\/\/geoambiente.com.br\/blog\/cases\/\"]}]},{\"@type\":\"BreadcrumbList\",\"@id\":\"https:\/\/geoambiente.com.br\/blog\/cases\/#breadcrumb\",\"itemListElement\":[{\"@type\":\"ListItem\",\"position\":1,\"name\":\"In\u00edcio\",\"item\":\"https:\/\/geoambiente.com.br\/blog\/\"},{\"@type\":\"ListItem\",\"position\":2,\"name\":\"Cases.ori\"}]},{\"@type\":\"WebSite\",\"@id\":\"https:\/\/geoambiente.com.br\/blog\/#website\",\"url\":\"https:\/\/geoambiente.com.br\/blog\/\",\"name\":\"Blog da GEO\",\"description\":\"Blog da GEO\",\"potentialAction\":[{\"@type\":\"SearchAction\",\"target\":{\"@type\":\"EntryPoint\",\"urlTemplate\":\"https:\/\/geoambiente.com.br\/blog\/?s={search_term_string}\"},\"query-input\":{\"@type\":\"PropertyValueSpecification\",\"valueRequired\":true,\"valueName\":\"search_term_string\"}}],\"inLanguage\":\"pt-BR\"}]}<\/script>\n<!-- \/ Yoast SEO plugin. -->","yoast_head_json":{"title":"Cases.ori com foco em Transforma\u00e7\u00e3o Digital - Blog da GEO","description":"Descubra cases de sucesso de clientes com solu\u00e7\u00f5es integradas de Cloud Computing, Sensoriamento Remoto e Intelig\u00eancia de Localiza\u00e7\u00e3o.","robots":{"index":"index","follow":"follow","max-snippet":"max-snippet:-1","max-image-preview":"max-image-preview:large","max-video-preview":"max-video-preview:-1"},"canonical":"https:\/\/geoambiente.com.br\/blog\/cases\/","og_locale":"pt_BR","og_type":"article","og_title":"Cases.ori com foco em Transforma\u00e7\u00e3o Digital - Blog da GEO","og_description":"Descubra cases de sucesso de clientes com solu\u00e7\u00f5es integradas de Cloud Computing, Sensoriamento Remoto e Intelig\u00eancia de Localiza\u00e7\u00e3o.","og_url":"https:\/\/geoambiente.com.br\/blog\/cases\/","og_site_name":"Blog da GEO","article_modified_time":"2024-03-20T18:33:05+00:00","twitter_card":"summary_large_image","twitter_misc":{"Est. tempo de leitura":"1 minuto"},"schema":{"@context":"https:\/\/schema.org","@graph":[{"@type":"WebPage","@id":"https:\/\/geoambiente.com.br\/blog\/cases\/","url":"https:\/\/geoambiente.com.br\/blog\/cases\/","name":"Cases.ori com foco em Transforma\u00e7\u00e3o Digital - Blog da GEO","isPartOf":{"@id":"https:\/\/geoambiente.com.br\/blog\/#website"},"datePublished":"2024-01-13T04:14:46+00:00","dateModified":"2024-03-20T18:33:05+00:00","description":"Descubra cases de sucesso de clientes com solu\u00e7\u00f5es integradas de Cloud Computing, Sensoriamento Remoto e Intelig\u00eancia de Localiza\u00e7\u00e3o.","breadcrumb":{"@id":"https:\/\/geoambiente.com.br\/blog\/cases\/#breadcrumb"},"inLanguage":"pt-BR","potentialAction":[{"@type":"ReadAction","target":["https:\/\/geoambiente.com.br\/blog\/cases\/"]}]},{"@type":"BreadcrumbList","@id":"https:\/\/geoambiente.com.br\/blog\/cases\/#breadcrumb","itemListElement":[{"@type":"ListItem","position":1,"name":"In\u00edcio","item":"https:\/\/geoambiente.com.br\/blog\/"},{"@type":"ListItem","position":2,"name":"Cases.ori"}]},{"@type":"WebSite","@id":"https:\/\/geoambiente.com.br\/blog\/#website","url":"https:\/\/geoambiente.com.br\/blog\/","name":"Blog da GEO","description":"Blog da GEO","potentialAction":[{"@type":"SearchAction","target":{"@type":"EntryPoint","urlTemplate":"https:\/\/geoambiente.com.br\/blog\/?s={search_term_string}"},"query-input":{"@type":"PropertyValueSpecification","valueRequired":true,"valueName":"search_term_string"}}],"inLanguage":"pt-BR"}]}},"_links":{"self":[{"href":"https:\/\/geoambiente.com.br\/blog\/wp-json\/wp\/v2\/pages\/13017","targetHints":{"allow":["GET"]}}],"collection":[{"href":"https:\/\/geoambiente.com.br\/blog\/wp-json\/wp\/v2\/pages"}],"about":[{"href":"https:\/\/geoambiente.com.br\/blog\/wp-json\/wp\/v2\/types\/page"}],"author":[{"embeddable":true,"href":"https:\/\/geoambiente.com.br\/blog\/wp-json\/wp\/v2\/users\/10"}],"replies":[{"embeddable":true,"href":"https:\/\/geoambiente.com.br\/blog\/wp-json\/wp\/v2\/comments?post=13017"}],"version-history":[{"count":6,"href":"https:\/\/geoambiente.com.br\/blog\/wp-json\/wp\/v2\/pages\/13017\/revisions"}],"predecessor-version":[{"id":13959,"href":"https:\/\/geoambiente.com.br\/blog\/wp-json\/wp\/v2\/pages\/13017\/revisions\/13959"}],"wp:attachment":[{"href":"https:\/\/geoambiente.com.br\/blog\/wp-json\/wp\/v2\/media?parent=13017"}],"curies":[{"name":"wp","href":"https:\/\/api.w.org\/{rel}","templated":true}]}}